{"id":302,"date":"2026-03-02T12:24:37","date_gmt":"2026-03-02T12:24:37","guid":{"rendered":"https:\/\/lilezzy.com\/?post_type=product&#038;p=302"},"modified":"2026-03-16T17:44:10","modified_gmt":"2026-03-16T17:44:10","slug":"lil-ezzy-collection-ensemble-premium-gris","status":"publish","type":"product","link":"https:\/\/lilezzy.com\/index.php\/product\/lil-ezzy-collection-ensemble-premium-gris\/","title":{"rendered":"Lil Ezzy Collection \u2013 Ensemble Premium Gris"},"content":{"rendered":"<p>L\u2019ensemble officiel Lil Ezzy Collection Gris.<\/p>\n<p>Con\u00e7u en 100 % coton premium.<br \/>\nTissu \u00e9pais, confortable et structur\u00e9.<br \/>\nPens\u00e9 pour un style street \u00e9l\u00e9gant au quotidien.<\/p>\n<p>Comprend :<br \/>\n\u2022 Hoodi Gris<br \/>\n\u2022 Pantalon assorti Gris<\/p>\n<p>Disponible en Noir, Gris clair, Gris et Rose p\u00e2le.<\/p>\n","protected":false},"excerpt":{"rendered":"<p><img fetchpriority=\"high\" decoding=\"async\" class=\"alignnone wp-image-307 size-medium\" src=\"https:\/\/lilezzy.com\/wp-content\/uploads\/2026\/03\/Grey2-01-240x300.png\" alt=\"\" width=\"240\" height=\"300\" srcset=\"https:\/\/lilezzy.com\/wp-content\/uploads\/2026\/03\/Grey2-01-240x300.png 240w, https:\/\/lilezzy.com\/wp-content\/uploads\/2026\/03\/Grey2-01-250x313.png 250w, https:\/\/lilezzy.com\/wp-content\/uploads\/2026\/03\/Grey2-01-300x375.png 300w, https:\/\/lilezzy.com\/wp-content\/uploads\/2026\/03\/Grey2-01-819x1024.png 819w, https:\/\/lilezzy.com\/wp-content\/uploads\/2026\/03\/Grey2-01-768x960.png 768w, https:\/\/lilezzy.com\/wp-content\/uploads\/2026\/03\/Grey2-01-1229x1536.png 1229w, https:\/\/lilezzy.com\/wp-content\/uploads\/2026\/03\/Grey2-01-1638x2048.png 1638w, https:\/\/lilezzy.com\/wp-content\/uploads\/2026\/03\/Grey2-01-48x60.png 48w, https:\/\/lilezzy.com\/wp-content\/uploads\/2026\/03\/Grey2-01.png 2000w\" sizes=\"(max-width: 240px) 100vw, 240px\" \/> <img decoding=\"async\" class=\"alignnone wp-image-309 size-medium\" src=\"https:\/\/lilezzy.com\/wp-content\/uploads\/2026\/03\/Grey2-03-240x300.png\" alt=\"\" width=\"240\" height=\"300\" srcset=\"https:\/\/lilezzy.com\/wp-content\/uploads\/2026\/03\/Grey2-03-240x300.png 240w, https:\/\/lilezzy.com\/wp-content\/uploads\/2026\/03\/Grey2-03-250x313.png 250w, https:\/\/lilezzy.com\/wp-content\/uploads\/2026\/03\/Grey2-03-300x375.png 300w, https:\/\/lilezzy.com\/wp-content\/uploads\/2026\/03\/Grey2-03-819x1024.png 819w, https:\/\/lilezzy.com\/wp-content\/uploads\/2026\/03\/Grey2-03-768x960.png 768w, https:\/\/lilezzy.com\/wp-content\/uploads\/2026\/03\/Grey2-03-1229x1536.png 1229w, https:\/\/lilezzy.com\/wp-content\/uploads\/2026\/03\/Grey2-03-1638x2048.png 1638w, https:\/\/lilezzy.com\/wp-content\/uploads\/2026\/03\/Grey2-03-48x60.png 48w, https:\/\/lilezzy.com\/wp-content\/uploads\/2026\/03\/Grey2-03.png 2000w\" sizes=\"(max-width: 240px) 100vw, 240px\" \/> <img decoding=\"async\" class=\"alignnone wp-image-310 size-medium\" src=\"https:\/\/lilezzy.com\/wp-content\/uploads\/2026\/03\/Grey2-04-240x300.png\" alt=\"\" width=\"240\" height=\"300\" srcset=\"https:\/\/lilezzy.com\/wp-content\/uploads\/2026\/03\/Grey2-04-240x300.png 240w, https:\/\/lilezzy.com\/wp-content\/uploads\/2026\/03\/Grey2-04-250x313.png 250w, https:\/\/lilezzy.com\/wp-content\/uploads\/2026\/03\/Grey2-04-300x375.png 300w, https:\/\/lilezzy.com\/wp-content\/uploads\/2026\/03\/Grey2-04-819x1024.png 819w, https:\/\/lilezzy.com\/wp-content\/uploads\/2026\/03\/Grey2-04-768x960.png 768w, https:\/\/lilezzy.com\/wp-content\/uploads\/2026\/03\/Grey2-04-1229x1536.png 1229w, https:\/\/lilezzy.com\/wp-content\/uploads\/2026\/03\/Grey2-04-1638x2048.png 1638w, https:\/\/lilezzy.com\/wp-content\/uploads\/2026\/03\/Grey2-04-48x60.png 48w, https:\/\/lilezzy.com\/wp-content\/uploads\/2026\/03\/Grey2-04.png 2000w\" sizes=\"(max-width: 240px) 100vw, 240px\" \/> <img loading=\"lazy\" decoding=\"async\" class=\"alignnone wp-image-311 size-medium\" src=\"https:\/\/lilezzy.com\/wp-content\/uploads\/2026\/03\/Grey2-05-240x300.png\" alt=\"\" width=\"240\" height=\"300\" srcset=\"https:\/\/lilezzy.com\/wp-content\/uploads\/2026\/03\/Grey2-05-240x300.png 240w, https:\/\/lilezzy.com\/wp-content\/uploads\/2026\/03\/Grey2-05-250x313.png 250w, https:\/\/lilezzy.com\/wp-content\/uploads\/2026\/03\/Grey2-05-300x375.png 300w, https:\/\/lilezzy.com\/wp-content\/uploads\/2026\/03\/Grey2-05-819x1024.png 819w, https:\/\/lilezzy.com\/wp-content\/uploads\/2026\/03\/Grey2-05-768x960.png 768w, https:\/\/lilezzy.com\/wp-content\/uploads\/2026\/03\/Grey2-05-1229x1536.png 1229w, https:\/\/lilezzy.com\/wp-content\/uploads\/2026\/03\/Grey2-05-1638x2048.png 1638w, https:\/\/lilezzy.com\/wp-content\/uploads\/2026\/03\/Grey2-05-48x60.png 48w, https:\/\/lilezzy.com\/wp-content\/uploads\/2026\/03\/Grey2-05.png 2000w\" sizes=\"(max-width: 240px) 100vw, 240px\" \/> <img loading=\"lazy\" decoding=\"async\" class=\"alignnone wp-image-312 size-medium\" src=\"https:\/\/lilezzy.com\/wp-content\/uploads\/2026\/03\/Grey2-06-240x300.png\" alt=\"\" width=\"240\" height=\"300\" srcset=\"https:\/\/lilezzy.com\/wp-content\/uploads\/2026\/03\/Grey2-06-240x300.png 240w, https:\/\/lilezzy.com\/wp-content\/uploads\/2026\/03\/Grey2-06-250x313.png 250w, https:\/\/lilezzy.com\/wp-content\/uploads\/2026\/03\/Grey2-06-300x375.png 300w, https:\/\/lilezzy.com\/wp-content\/uploads\/2026\/03\/Grey2-06-819x1024.png 819w, https:\/\/lilezzy.com\/wp-content\/uploads\/2026\/03\/Grey2-06-768x960.png 768w, https:\/\/lilezzy.com\/wp-content\/uploads\/2026\/03\/Grey2-06-1229x1536.png 1229w, https:\/\/lilezzy.com\/wp-content\/uploads\/2026\/03\/Grey2-06-1638x2048.png 1638w, https:\/\/lilezzy.com\/wp-content\/uploads\/2026\/03\/Grey2-06-48x60.png 48w, https:\/\/lilezzy.com\/wp-content\/uploads\/2026\/03\/Grey2-06.png 2000w\" sizes=\"(max-width: 240px) 100vw, 240px\" \/><\/p>\n","protected":false},"featured_media":308,"comment_status":"open","ping_status":"closed","template":"","meta":[],"product_brand":[],"product_cat":[29],"product_tag":[],"class_list":{"0":"post-302","1":"product","2":"type-product","3":"status-publish","4":"has-post-thumbnail","6":"product_cat-lil-ezzy-collection-ensemble-premium-rose-pale","8":"first","9":"instock","10":"taxable","11":"shipping-taxable","12":"purchasable","13":"product-type-variable"},"jetpack_sharing_enabled":true,"_links":{"self":[{"href":"https:\/\/lilezzy.com\/index.php\/wp-json\/wp\/v2\/product\/302","targetHints":{"allow":["GET"]}}],"collection":[{"href":"https:\/\/lilezzy.com\/index.php\/wp-json\/wp\/v2\/product"}],"about":[{"href":"https:\/\/lilezzy.com\/index.php\/wp-json\/wp\/v2\/types\/product"}],"replies":[{"embeddable":true,"href":"https:\/\/lilezzy.com\/index.php\/wp-json\/wp\/v2\/comments?post=302"}],"wp:featuredmedia":[{"embeddable":true,"href":"https:\/\/lilezzy.com\/index.php\/wp-json\/wp\/v2\/media\/308"}],"wp:attachment":[{"href":"https:\/\/lilezzy.com\/index.php\/wp-json\/wp\/v2\/media?parent=302"}],"wp:term":[{"taxonomy":"product_brand","embeddable":true,"href":"https:\/\/lilezzy.com\/index.php\/wp-json\/wp\/v2\/product_brand?post=302"},{"taxonomy":"product_cat","embeddable":true,"href":"https:\/\/lilezzy.com\/index.php\/wp-json\/wp\/v2\/product_cat?post=302"},{"taxonomy":"product_tag","embeddable":true,"href":"https:\/\/lilezzy.com\/index.php\/wp-json\/wp\/v2\/product_tag?post=302"}],"curies":[{"name":"wp","href":"https:\/\/api.w.org\/{rel}","templated":true}]}}