{"id":159,"date":"2026-01-18T01:09:56","date_gmt":"2026-01-18T01:09:56","guid":{"rendered":"https:\/\/lilezzy.com\/index.php\/about\/"},"modified":"2026-03-02T17:59:22","modified_gmt":"2026-03-02T17:59:22","slug":"a-propos","status":"publish","type":"page","link":"https:\/\/lilezzy.com\/index.php\/a-propos\/","title":{"rendered":"\u00c0 propos"},"content":{"rendered":"<div class=\"wp-block-image\">\n<figure class=\"alignleft size-large is-resized\"><img fetchpriority=\"high\" decoding=\"async\" width=\"1024\" height=\"1024\" src=\"https:\/\/lilezzy.com\/wp-content\/uploads\/2026\/03\/Profile-Lil-Ezzy-02-1024x1024.png\" alt=\"\" class=\"wp-image-362\" style=\"width:373px;height:auto\" srcset=\"https:\/\/lilezzy.com\/wp-content\/uploads\/2026\/03\/Profile-Lil-Ezzy-02-1024x1024.png 1024w, https:\/\/lilezzy.com\/wp-content\/uploads\/2026\/03\/Profile-Lil-Ezzy-02-300x300.png 300w, https:\/\/lilezzy.com\/wp-content\/uploads\/2026\/03\/Profile-Lil-Ezzy-02-150x150.png 150w, https:\/\/lilezzy.com\/wp-content\/uploads\/2026\/03\/Profile-Lil-Ezzy-02-768x768.png 768w, https:\/\/lilezzy.com\/wp-content\/uploads\/2026\/03\/Profile-Lil-Ezzy-02-60x60.png 60w, https:\/\/lilezzy.com\/wp-content\/uploads\/2026\/03\/Profile-Lil-Ezzy-02-250x250.png 250w, https:\/\/lilezzy.com\/wp-content\/uploads\/2026\/03\/Profile-Lil-Ezzy-02.png 1080w\" sizes=\"(max-width: 1024px) 100vw, 1024px\" \/><\/figure>\n<\/div>\n\n\n<p><strong data-start=\"336\" data-end=\"357\">Lil Ezzy Collection<\/strong> est plus qu\u2019une marque.<br>C\u2019est une vision.<\/p>\n\n\n\n<p>N\u00e9e d\u2019une culture o\u00f9 la musique, l\u2019attitude et le style ne font qu\u2019un, la marque incarne une g\u00e9n\u00e9ration qui refuse les compromis. Chaque pi\u00e8ce est pens\u00e9e pour ceux qui comprennent que l\u2019\u00e9l\u00e9gance peut \u00eatre brute, que le confort peut \u00eatre structur\u00e9, et que le minimalisme peut imposer le respect.<\/p>\n\n\n\n<p>Nos ensembles 100 % coton sont con\u00e7us avec pr\u00e9cision.<br data-start=\"752\" data-end=\"755\">Coupe ma\u00eetris\u00e9e. Mati\u00e8re premium. Silhouette affirm\u00e9e.<\/p>\n\n\n\n<p>Noir. Gris. Rose p\u00e2le.<br>Des teintes intemporelles pour une identit\u00e9 forte. Lil Ezzy Collection ne suit pas les tendances. Elle construit son propre standard.<\/p>\n\n\n\n<p><\/p>\n","protected":false},"excerpt":{"rendered":"<p>Lil Ezzy Collection est plus qu\u2019une marque.C\u2019est une vision. N\u00e9e d\u2019une culture o\u00f9 la musique, l\u2019attitude et le style ne font qu\u2019un, la marque incarne une g\u00e9n\u00e9ration qui refuse les compromis. Chaque pi\u00e8ce est pens\u00e9e pour ceux qui comprennent que &hellip; <\/p>\n","protected":false},"author":1,"featured_media":0,"parent":0,"menu_order":0,"comment_status":"closed","ping_status":"closed","template":"","meta":{"footnotes":""},"class_list":["post-159","page","type-page","status-publish","hentry"],"jetpack_sharing_enabled":true,"_links":{"self":[{"href":"https:\/\/lilezzy.com\/index.php\/wp-json\/wp\/v2\/pages\/159","targetHints":{"allow":["GET"]}}],"collection":[{"href":"https:\/\/lilezzy.com\/index.php\/wp-json\/wp\/v2\/pages"}],"about":[{"href":"https:\/\/lilezzy.com\/index.php\/wp-json\/wp\/v2\/types\/page"}],"author":[{"embeddable":true,"href":"https:\/\/lilezzy.com\/index.php\/wp-json\/wp\/v2\/users\/1"}],"replies":[{"embeddable":true,"href":"https:\/\/lilezzy.com\/index.php\/wp-json\/wp\/v2\/comments?post=159"}],"version-history":[{"count":7,"href":"https:\/\/lilezzy.com\/index.php\/wp-json\/wp\/v2\/pages\/159\/revisions"}],"predecessor-version":[{"id":369,"href":"https:\/\/lilezzy.com\/index.php\/wp-json\/wp\/v2\/pages\/159\/revisions\/369"}],"wp:attachment":[{"href":"https:\/\/lilezzy.com\/index.php\/wp-json\/wp\/v2\/media?parent=159"}],"curies":[{"name":"wp","href":"https:\/\/api.w.org\/{rel}","templated":true}]}}