{"id":158,"date":"2026-01-18T01:09:56","date_gmt":"2026-01-18T01:09:56","guid":{"rendered":"https:\/\/lilezzy.com\/index.php\/contact\/"},"modified":"2026-03-02T17:57:11","modified_gmt":"2026-03-02T17:57:11","slug":"contact","status":"publish","type":"page","link":"https:\/\/lilezzy.com\/index.php\/contact\/","title":{"rendered":"Contactez-Nous"},"content":{"rendered":"<p style=\"color: #000000; font-size: medium;\" data-start=\"205\" data-end=\"306\">Une question concernant votre commande ?<br data-start=\"245\" data-end=\"248\" \/>Un renseignement sur nos ensembles ?<br data-start=\"284\" data-end=\"287\" \/>Une collaboration ?<\/p>\n<p style=\"color: #000000; font-size: medium;\" data-start=\"308\" data-end=\"355\">Notre \u00e9quipe est disponible pour vous r\u00e9pondre.<\/p>\n<p style=\"color: #000000; font-size: medium;\" data-start=\"357\" data-end=\"417\">\ud83d\udce9 Email : <a rel=\"noopener\" data-start=\"368\" data-end=\"395\">lilezzy.connection@outlook.com<\/a><br data-start=\"395\" data-end=\"398\" \/>\ud83d\udccd Bas\u00e9 au Canada<\/p>\n<p style=\"color: #000000; font-size: medium;\" data-start=\"419\" data-end=\"476\">Nous r\u00e9pondons dans un d\u00e9lai de 24 \u00e0 48 heures ouvrables.<\/p>\n<p style=\"color: #000000; font-size: medium;\" data-start=\"478\" data-end=\"523\">Lil Ezzy Collection<br data-start=\"495\" data-end=\"498\" \/>L\u2019original. Rien d\u2019autre.<\/p>\n\n\n<p><\/p>\n","protected":false},"excerpt":{"rendered":"<p>Une question concernant votre commande ?Un renseignement sur nos ensembles ?Une collaboration ? Notre \u00e9quipe est disponible pour vous r\u00e9pondre. \ud83d\udce9 Email : lilezzy.connection@outlook.com\ud83d\udccd Bas\u00e9 au Canada Nous r\u00e9pondons dans un d\u00e9lai de 24 \u00e0 48 heures ouvrables. Lil Ezzy &hellip; <\/p>\n","protected":false},"author":1,"featured_media":0,"parent":0,"menu_order":0,"comment_status":"closed","ping_status":"closed","template":"","meta":{"footnotes":""},"class_list":["post-158","page","type-page","status-publish","hentry"],"jetpack_sharing_enabled":true,"_links":{"self":[{"href":"https:\/\/lilezzy.com\/index.php\/wp-json\/wp\/v2\/pages\/158","targetHints":{"allow":["GET"]}}],"collection":[{"href":"https:\/\/lilezzy.com\/index.php\/wp-json\/wp\/v2\/pages"}],"about":[{"href":"https:\/\/lilezzy.com\/index.php\/wp-json\/wp\/v2\/types\/page"}],"author":[{"embeddable":true,"href":"https:\/\/lilezzy.com\/index.php\/wp-json\/wp\/v2\/users\/1"}],"replies":[{"embeddable":true,"href":"https:\/\/lilezzy.com\/index.php\/wp-json\/wp\/v2\/comments?post=158"}],"version-history":[{"count":10,"href":"https:\/\/lilezzy.com\/index.php\/wp-json\/wp\/v2\/pages\/158\/revisions"}],"predecessor-version":[{"id":367,"href":"https:\/\/lilezzy.com\/index.php\/wp-json\/wp\/v2\/pages\/158\/revisions\/367"}],"wp:attachment":[{"href":"https:\/\/lilezzy.com\/index.php\/wp-json\/wp\/v2\/media?parent=158"}],"curies":[{"name":"wp","href":"https:\/\/api.w.org\/{rel}","templated":true}]}}